{"id":384,"date":"2022-12-27T17:09:36","date_gmt":"2022-12-27T16:09:36","guid":{"rendered":"https:\/\/yvkvt.com\/homepage\/"},"modified":"2023-01-19T12:24:08","modified_gmt":"2023-01-19T11:24:08","slug":"homepage","status":"publish","type":"page","link":"https:\/\/yvkvt.com\/fr\/","title":{"rendered":"Homepage"},"content":{"rendered":"<section class=\"l-section wpb_row us_custom_beb1ad96 mainphoto has_text_color height_auto full_height valign_center\"><div class=\"l-section-h i-cf\"><div class=\"g-cols vc_row via_flex valign_middle type_default stacking_default\"><div class=\"vc_col-sm-6 wpb_column vc_column_container\"><div class=\"vc_column-inner\"><div class=\"wpb_wrapper\"><div class=\"wpb_text_column\"><div class=\"wpb_wrapper\"><h1>Yves Van Krunkelsven<br \/>\n<span class=\"undr-sp\">Traduction et interpr\u00e9tation : <\/span><br \/>\n<span class=\"h1-smaller\">le bureau de traduction pour les PME et les professions lib\u00e9rales<\/span><\/h1>\n<\/div><\/div><div class=\"w-grid us_grid us_custom_b4e80770 type_grid layout_gallery_default cols_10 preload_style_spinner\" id=\"us_grid_1\" style=\"--columns:10;--gap:5px;\" data-filterable=\"true\"><style>@media (max-width:399px){#us_grid_1{--columns:5!important}}.layout_gallery_default .w-grid-item-h{}<\/style><div class=\"w-grid-list\">\t<article class=\"w-grid-item size_1x1 post-302 attachment type-attachment status-inherit hentry\" data-id=\"302\">\r\n\t\t<div class=\"w-grid-item-h\">\r\n\t\t\t\t\t\t<div class=\"w-post-elm post_image usg_post_image_1 stretched\"><img loading=\"lazy\" decoding=\"async\" width=\"42\" height=\"42\" src=\"https:\/\/yvkvt.com\/wp-content\/uploads\/2022\/12\/en.png\" class=\"attachment-large size-large\" alt=\"Engelse vertalingen\" \/><\/div>\t\t<\/div>\r\n\t\t\t<\/article>\r\n\t<article class=\"w-grid-item size_1x1 post-303 attachment type-attachment status-inherit hentry\" data-id=\"303\">\r\n\t\t<div class=\"w-grid-item-h\">\r\n\t\t\t\t\t\t<div class=\"w-post-elm post_image usg_post_image_1 stretched\"><img loading=\"lazy\" decoding=\"async\" width=\"42\" height=\"42\" src=\"https:\/\/yvkvt.com\/wp-content\/uploads\/2022\/12\/de.png\" class=\"attachment-large size-large\" alt=\"Duitse vertalingen\" \/><\/div>\t\t<\/div>\r\n\t\t\t<\/article>\r\n\t<article class=\"w-grid-item size_1x1 post-304 attachment type-attachment status-inherit hentry\" data-id=\"304\">\r\n\t\t<div class=\"w-grid-item-h\">\r\n\t\t\t\t\t\t<div class=\"w-post-elm post_image usg_post_image_1 stretched\"><img loading=\"lazy\" decoding=\"async\" width=\"42\" height=\"42\" src=\"https:\/\/yvkvt.com\/wp-content\/uploads\/2022\/12\/fr.png\" class=\"attachment-large size-large\" alt=\"Franse vertalingen\" \/><\/div>\t\t<\/div>\r\n\t\t\t<\/article>\r\n\t<article class=\"w-grid-item size_1x1 post-305 attachment type-attachment status-inherit hentry\" data-id=\"305\">\r\n\t\t<div class=\"w-grid-item-h\">\r\n\t\t\t\t\t\t<div class=\"w-post-elm post_image usg_post_image_1 stretched\"><img loading=\"lazy\" decoding=\"async\" width=\"42\" height=\"42\" src=\"https:\/\/yvkvt.com\/wp-content\/uploads\/2022\/12\/it.png\" class=\"attachment-large size-large\" alt=\"Italiaanse vertalingen\" \/><\/div>\t\t<\/div>\r\n\t\t\t<\/article>\r\n\t<article class=\"w-grid-item size_1x1 post-306 attachment type-attachment status-inherit hentry\" data-id=\"306\">\r\n\t\t<div class=\"w-grid-item-h\">\r\n\t\t\t\t\t\t<div class=\"w-post-elm post_image usg_post_image_1 stretched\"><img loading=\"lazy\" decoding=\"async\" width=\"42\" height=\"42\" src=\"https:\/\/yvkvt.com\/wp-content\/uploads\/2022\/12\/es.png\" class=\"attachment-large size-large\" alt=\"Spaanse vertalingen\" \/><\/div>\t\t<\/div>\r\n\t\t\t<\/article>\r\n\t<article class=\"w-grid-item size_1x1 post-308 attachment type-attachment status-inherit hentry\" data-id=\"308\">\r\n\t\t<div class=\"w-grid-item-h\">\r\n\t\t\t\t\t\t<div class=\"w-post-elm post_image usg_post_image_1 stretched\"><img loading=\"lazy\" decoding=\"async\" width=\"42\" height=\"42\" src=\"https:\/\/yvkvt.com\/wp-content\/uploads\/2022\/12\/pl.png\" class=\"attachment-large size-large\" alt=\"Poolse vertalingen\" \/><\/div>\t\t<\/div>\r\n\t\t\t<\/article>\r\n\t<article class=\"w-grid-item size_1x1 post-309 attachment type-attachment status-inherit hentry\" data-id=\"309\">\r\n\t\t<div class=\"w-grid-item-h\">\r\n\t\t\t\t\t\t<div class=\"w-post-elm post_image usg_post_image_1 stretched\"><img loading=\"lazy\" decoding=\"async\" width=\"42\" height=\"42\" src=\"https:\/\/yvkvt.com\/wp-content\/uploads\/2022\/12\/no.png\" class=\"attachment-large size-large\" alt=\"Noorse vertalingen\" \/><\/div>\t\t<\/div>\r\n\t\t\t<\/article>\r\n\t<article class=\"w-grid-item size_1x1 post-310 attachment type-attachment status-inherit hentry\" data-id=\"310\">\r\n\t\t<div class=\"w-grid-item-h\">\r\n\t\t\t\t\t\t<div class=\"w-post-elm post_image usg_post_image_1 stretched\"><img loading=\"lazy\" decoding=\"async\" width=\"42\" height=\"42\" src=\"https:\/\/yvkvt.com\/wp-content\/uploads\/2022\/12\/sv.png\" class=\"attachment-large size-large\" alt=\"Zweedse vertalingen\" \/><\/div>\t\t<\/div>\r\n\t\t\t<\/article>\r\n\t<article class=\"w-grid-item size_1x1 post-307 attachment type-attachment status-inherit hentry\" data-id=\"307\">\r\n\t\t<div class=\"w-grid-item-h\">\r\n\t\t\t\t\t\t<div class=\"w-post-elm post_image usg_post_image_1 stretched\"><img loading=\"lazy\" decoding=\"async\" width=\"42\" height=\"42\" src=\"https:\/\/yvkvt.com\/wp-content\/uploads\/2022\/12\/jp.png\" class=\"attachment-large size-large\" alt=\"Japanse vertalingen\" \/><\/div>\t\t<\/div>\r\n\t\t\t<\/article>\r\n\t<article class=\"w-grid-item size_1x1 post-301 attachment type-attachment status-inherit hentry\" data-id=\"301\">\r\n\t\t<div class=\"w-grid-item-h\">\r\n\t\t\t\t\t\t<div class=\"w-post-elm post_image usg_post_image_1 stretched\"><img loading=\"lazy\" decoding=\"async\" width=\"42\" height=\"42\" src=\"https:\/\/yvkvt.com\/wp-content\/uploads\/2022\/12\/10.png\" class=\"attachment-large size-large\" alt=\"Vertaalbureau naar +10 talen\" \/><\/div>\t\t<\/div>\r\n\t\t\t<\/article>\r\n<\/div>\t<div class=\"w-grid-preloader\">\r\n\t\t<div class=\"g-preloader type_1\">\r\n\t\t\t<div><\/div>\r\n\t\t<\/div>\r\n\t<\/div>\r\n\t\t<div class=\"w-grid-json hidden\" onclick='return {&quot;action&quot;:&quot;us_ajax_grid&quot;,&quot;infinite_scroll&quot;:0,&quot;max_num_pages&quot;:1,&quot;pagination&quot;:&quot;none&quot;,&quot;template_vars&quot;:{&quot;columns&quot;:&quot;10&quot;,&quot;exclude_items&quot;:&quot;none&quot;,&quot;img_size&quot;:&quot;default&quot;,&quot;ignore_items_size&quot;:0,&quot;items_layout&quot;:&quot;gallery_default&quot;,&quot;items_offset&quot;:&quot;1&quot;,&quot;load_animation&quot;:&quot;none&quot;,&quot;overriding_link&quot;:&quot;{\\&quot;url\\&quot;:\\&quot;\\&quot;}&quot;,&quot;post_id&quot;:0,&quot;query_args&quot;:{&quot;post_type&quot;:[&quot;attachment&quot;],&quot;post__in&quot;:[&quot;58&quot;,&quot;60&quot;,&quot;62&quot;,&quot;64&quot;,&quot;66&quot;,&quot;70&quot;,&quot;72&quot;,&quot;74&quot;,&quot;68&quot;,&quot;56&quot;],&quot;post_status&quot;:&quot;inherit&quot;,&quot;post_mime_type&quot;:&quot;image&quot;,&quot;posts_per_page&quot;:&quot;27&quot;},&quot;orderby_query_args&quot;:{&quot;orderby&quot;:{&quot;post__in&quot;:&quot;ASC&quot;},&quot;order&quot;:&quot;ASC&quot;},&quot;type&quot;:&quot;grid&quot;,&quot;us_grid_post_type&quot;:&quot;attachment&quot;,&quot;us_grid_ajax_index&quot;:1,&quot;us_grid_filter_query_string&quot;:null,&quot;us_grid_index&quot;:1,&quot;page_args&quot;:[],&quot;lang&quot;:&quot;fr&quot;}}'><\/div>\r\n\t<\/div><\/div><\/div><\/div><div class=\"vc_col-sm-6 wpb_column vc_column_container hide_on_default hide_on_laptops hide_on_tablets stretched\"><div class=\"vc_column-inner\"><div class=\"wpb_wrapper\"><div class=\"w-image us_custom_dff1f4a8 align_none\"><div class=\"w-image-h\"><img decoding=\"async\" width=\"854\" height=\"914\" src=\"https:\/\/yvkvt.com\/wp-content\/uploads\/2022\/12\/Yves-Van-Krunkelsven-1.png\" class=\"attachment-large size-large\" alt=\"Vertaalbureau YVKVT\" loading=\"lazy\" srcset=\"https:\/\/yvkvt.com\/wp-content\/uploads\/2022\/12\/Yves-Van-Krunkelsven-1.png 854w, https:\/\/yvkvt.com\/wp-content\/uploads\/2022\/12\/Yves-Van-Krunkelsven-1-280x300.png 280w\" sizes=\"auto, (max-width: 854px) 100vw, 854px\" \/><\/div><\/div><\/div><\/div><\/div><\/div><\/div><\/section><section class=\"l-section wpb_row height_auto\"><div class=\"l-section-h i-cf\"><div class=\"g-cols vc_row via_flex valign_top type_default stacking_default\"><div class=\"vc_col-sm-12 wpb_column vc_column_container\"><div class=\"vc_column-inner\"><div class=\"wpb_wrapper\"><div class=\"g-cols wpb_row us_custom_c45c8d83 world-section via_flex valign_middle type_boxes reversed stacking_default\"><div class=\"vc_col-sm-6 wpb_column vc_column_container\"><div class=\"vc_column-inner\"><div class=\"wpb_wrapper\"><div class=\"w-image align_center\"><div class=\"w-image-h\"><img decoding=\"async\" width=\"521\" height=\"521\" src=\"https:\/\/yvkvt.com\/wp-content\/uploads\/2022\/12\/world-1.png\" class=\"attachment-large size-large\" alt=\"Wereldwijde vertalingen\" loading=\"lazy\" srcset=\"https:\/\/yvkvt.com\/wp-content\/uploads\/2022\/12\/world-1.png 521w, https:\/\/yvkvt.com\/wp-content\/uploads\/2022\/12\/world-1-300x300.png 300w, https:\/\/yvkvt.com\/wp-content\/uploads\/2022\/12\/world-1-150x150.png 150w\" sizes=\"auto, (max-width: 521px) 100vw, 521px\" \/><\/div><\/div><\/div><\/div><\/div><div class=\"vc_col-sm-6 wpb_column vc_column_container world-rgt\"><div class=\"vc_column-inner\"><div class=\"wpb_wrapper\"><div class=\"wpb_text_column ul-sp\"><div class=\"wpb_wrapper\"><h2>Vous cherchez un traducteur comp\u00e9tent\u00a0?<\/h2>\n<ul>\n<li>Une traduction de vos conditions g\u00e9n\u00e9rales en anglais et en allemand\u00a0?<\/li>\n<li>La traduction d\u2019un acte de propri\u00e9t\u00e9 en fran\u00e7ais\u00a0?<\/li>\n<li>Une version espagnole catchy de votre folder\u00a0?<\/li>\n<li>Un traducteur chevronn\u00e9 pour traduire votre manuel technique r\u00e9dig\u00e9 en italien\u00a0?<\/li>\n<li>Une traduction asserment\u00e9e de votre certificat de naissance en polonais\u00a0?<\/li>\n<\/ul>\n<\/div><\/div><\/div><\/div><\/div><\/div><\/div><\/div><\/div><\/div><\/div><\/section><section class=\"l-section wpb_row height_large\" id=\"vertalingen\"><div class=\"l-section-h i-cf\"><div class=\"g-cols vc_row via_flex valign_top type_default stacking_default\"><div class=\"vc_col-sm-12 wpb_column vc_column_container\"><div class=\"vc_column-inner\"><div class=\"wpb_wrapper\"><div class=\"g-cols wpb_row offer-col via_flex valign_top type_default stacking_default\"><div class=\"vc_col-sm-9 wpb_column vc_column_container\"><div class=\"vc_column-inner\"><div class=\"wpb_wrapper\"><div class=\"w-vwrapper us_custom_5845b80e align_none valign_middle\" style=\"--vwrapper-gap:0.5rem\"><div class=\"wpb_text_column us_custom_a2772a1b\"><div class=\"wpb_wrapper\"><p>Yves Van Krunkelsven<\/p>\n<\/div><\/div><div class=\"wpb_text_column us_custom_17e90cdd\"><div class=\"wpb_wrapper\"><p>et son \u00e9quipe permanente de plus de <strong>160 traducteurs chevronn\u00e9s<\/strong> vous aident de mani\u00e8re rapide et comp\u00e9tente\u00a0! Vous pouvez vous adresser \u00e0 nous pour vos\u00a0:<\/p>\n<\/div><\/div><\/div><\/div><\/div><\/div><div class=\"vc_col-sm-3 wpb_column vc_column_container\"><div class=\"vc_column-inner\"><div class=\"wpb_wrapper\"><div class=\"w-grid us_grid type_grid layout_95 no_results cols_1 preload_style_spinner\" id=\"us_grid_2\" style=\"--columns:1;--gap:20px;\"><style>.layout_95 .w-grid-item-h{}.layout_95 .usg_vwrapper_1{border-radius:3px!important;background:#ffffff!important;padding:25px 25px 35px 25px!important}.layout_95 .usg_post_image_1{width:80px!important}.layout_95 .usg_post_title_1{font-size:15px!important;text-transform:uppercase!important}.layout_95 .usg_html_1{width:36px!important;height:5px!important;background:var(--color-content-secondary)!important}<\/style><div class=\"w-grid-list\"><\/div>\t<div class=\"w-grid-preloader\">\r\n\t\t<div class=\"g-preloader type_1\">\r\n\t\t\t<div><\/div>\r\n\t\t<\/div>\r\n\t<\/div>\r\n\t\t<div class=\"w-grid-json hidden\" onclick='return {&quot;action&quot;:&quot;us_ajax_grid&quot;,&quot;infinite_scroll&quot;:0,&quot;max_num_pages&quot;:0,&quot;pagination&quot;:&quot;none&quot;,&quot;template_vars&quot;:{&quot;columns&quot;:&quot;1&quot;,&quot;exclude_items&quot;:&quot;none&quot;,&quot;img_size&quot;:&quot;default&quot;,&quot;ignore_items_size&quot;:0,&quot;items_layout&quot;:&quot;95&quot;,&quot;items_offset&quot;:&quot;1&quot;,&quot;load_animation&quot;:&quot;none&quot;,&quot;overriding_link&quot;:&quot;%7B%22type%22%3A%22post%22%7D&quot;,&quot;post_id&quot;:0,&quot;query_args&quot;:{&quot;ignore_sticky_posts&quot;:1,&quot;post_type&quot;:&quot;any&quot;,&quot;post__in&quot;:[&quot;9&quot;],&quot;posts_per_page&quot;:&quot;10&quot;},&quot;orderby_query_args&quot;:{&quot;orderby&quot;:{&quot;date&quot;:&quot;DESC&quot;}},&quot;type&quot;:&quot;grid&quot;,&quot;us_grid_post_type&quot;:&quot;ids&quot;,&quot;us_grid_ajax_index&quot;:2,&quot;us_grid_filter_query_string&quot;:null,&quot;us_grid_index&quot;:2,&quot;page_args&quot;:[],&quot;lang&quot;:&quot;fr&quot;}}'><\/div>\r\n\t<\/div><div class=\"w-grid-none type_message\">Aucun r\u00e9sultat.<\/div><\/div><\/div><\/div><\/div><div class=\"w-grid us_grid us_custom_7e36855b type_grid layout_95 no_results cols_4 preload_style_spinner\" id=\"us_grid_3\" style=\"--columns:4;--gap:20px;\"><style>@media (max-width:766px){#us_grid_3{--columns:1!important}}<\/style><div class=\"w-grid-list\"><\/div>\t<div class=\"w-grid-preloader\">\r\n\t\t<div class=\"g-preloader type_1\">\r\n\t\t\t<div><\/div>\r\n\t\t<\/div>\r\n\t<\/div>\r\n\t\t<div class=\"w-grid-json hidden\" onclick='return {&quot;action&quot;:&quot;us_ajax_grid&quot;,&quot;infinite_scroll&quot;:0,&quot;max_num_pages&quot;:0,&quot;pagination&quot;:&quot;none&quot;,&quot;template_vars&quot;:{&quot;columns&quot;:&quot;4&quot;,&quot;exclude_items&quot;:&quot;none&quot;,&quot;img_size&quot;:&quot;default&quot;,&quot;ignore_items_size&quot;:0,&quot;items_layout&quot;:&quot;95&quot;,&quot;items_offset&quot;:&quot;1&quot;,&quot;load_animation&quot;:&quot;none&quot;,&quot;overriding_link&quot;:&quot;%7B%22type%22%3A%22post%22%7D&quot;,&quot;post_id&quot;:0,&quot;query_args&quot;:{&quot;ignore_sticky_posts&quot;:1,&quot;post_type&quot;:&quot;any&quot;,&quot;post__in&quot;:[&quot;11&quot;,&quot;13&quot;,&quot;15&quot;,&quot;17&quot;],&quot;posts_per_page&quot;:&quot;10&quot;},&quot;orderby_query_args&quot;:{&quot;orderby&quot;:{&quot;post__in&quot;:&quot;ASC&quot;},&quot;order&quot;:&quot;ASC&quot;},&quot;type&quot;:&quot;grid&quot;,&quot;us_grid_post_type&quot;:&quot;ids&quot;,&quot;us_grid_ajax_index&quot;:3,&quot;us_grid_filter_query_string&quot;:null,&quot;us_grid_index&quot;:3,&quot;page_args&quot;:[],&quot;lang&quot;:&quot;fr&quot;}}'><\/div>\r\n\t<\/div><div class=\"w-grid-none type_message\">Aucun r\u00e9sultat.<\/div><\/div><\/div><\/div><\/div><\/div><\/section><section class=\"l-section wpb_row us_custom_887a049b height_large\"><div class=\"l-section-h i-cf\"><div class=\"g-cols vc_row via_flex valign_top type_default stacking_default\"><div class=\"vc_col-sm-12 wpb_column vc_column_container\"><div class=\"vc_column-inner\"><div class=\"wpb_wrapper\"><div class=\"g-cols wpb_row us_custom_4fb9e5a3 content-row via_flex valign_middle type_boxes stacking_default\"><div class=\"vc_col-sm-6 wpb_column vc_column_container\"><div class=\"vc_column-inner\"><div class=\"wpb_wrapper\"><div class=\"wpb_text_column us_custom_432d3f53\"><div class=\"wpb_wrapper\"><h2>Pour les PME, les professions lib\u00e9rales, les ind\u00e9pendants et les particuliers<\/h2>\n<p>En tant que PME, nous aimons travailler pour les PME et les professions lib\u00e9rales. Notre client\u00e8le r\u00e9guli\u00e8re se compose de petites et grandes entreprises, d\u2019ind\u00e9pendants et de particuliers. Du notaire au grand cabinet d&rsquo;avocats, de la biscuiterie \u00e0 vocation internationale au copywriter polyvalent, du cr\u00e9ateur de sites web \u00e0 l&rsquo;avocat sp\u00e9cialis\u00e9 dans le droit de la circulation&#8230; Nous sommes l\u00e0 pour vous\u00a0!<\/p>\n<\/div><\/div><\/div><\/div><\/div><div class=\"vc_col-sm-6 wpb_column vc_column_container min-h-photo has_bg_color\"><div class=\"vc_column-inner us_custom_4fcdcd38\"><div class=\"wpb_wrapper\"><\/div><\/div><\/div><\/div><div class=\"g-cols wpb_row us_custom_095f4b02 content-row via_flex valign_middle type_boxes reversed stacking_default\"><div class=\"vc_col-sm-6 wpb_column vc_column_container min-h-photo has_bg_color\"><div class=\"vc_column-inner us_custom_987fe5b6\"><div class=\"wpb_wrapper\"><\/div><\/div><\/div><div class=\"vc_col-sm-6 wpb_column vc_column_container\"><div class=\"vc_column-inner\"><div class=\"wpb_wrapper\"><div class=\"wpb_text_column us_custom_432d3f53\"><div class=\"wpb_wrapper\"><h2>Des traductions rigoureuses et un service sans faille\u00a0!<\/h2>\n<p>Offrir une qualit\u00e9 irr\u00e9prochable, tel est notre objectif quotidien. Nous fournissons d&rsquo;excellentes traductions r\u00e9alis\u00e9es par <a href=\"https:\/\/yvkvt.com\/fr\/a-propos-de-nous\/\">des traducteurs natifs<\/a> et toujours r\u00e9vis\u00e9es et v\u00e9rifi\u00e9es par un coll\u00e8gue traducteur. Le tout \u00e0 un prix comp\u00e9titif et dans les meilleurs d\u00e9lais.<\/p>\n<\/div><\/div><\/div><\/div><\/div><\/div><\/div><\/div><\/div><\/div><\/div><\/section><section class=\"l-section wpb_row us_custom_7c7afdb8 cta-section has_text_color height_large\"><div class=\"l-section-h i-cf\"><div class=\"g-cols vc_row via_flex valign_top type_default stacking_default\"><div class=\"vc_col-sm-1 vc_hidden-xs wpb_column vc_column_container\"><div class=\"vc_column-inner\"><div class=\"wpb_wrapper\"><\/div><\/div><\/div><div class=\"vc_col-sm-10 wpb_column vc_column_container\"><div class=\"vc_column-inner\"><div class=\"wpb_wrapper\"><div class=\"w-hwrapper valign_middle wrap align_center\" style=\"--hwrapper-gap:30px\"><div class=\"w-vwrapper cta-c align_left valign_middle\" style=\"--vwrapper-gap:0rem\"><div class=\"wpb_text_column cta-bigger\"><div class=\"wpb_wrapper\"><p>Vous souhaitez un devis pour votre texte ?<\/p>\n<\/div><\/div><div class=\"wpb_text_column cta-smaller\"><div class=\"wpb_wrapper\"><p>Ou appelez le +32 496 22 11 12 !<\/p>\n<\/div><\/div><\/div><div class=\"w-btn-wrapper align_center\"><a class=\"w-btn us-btn-style_1\" title=\"Contact\" href=\"https:\/\/yvkvt.com\/fr\/contact\/#vraagofferteaan\"><span class=\"w-btn-label\">Oui, je souhaite recevoir un devis !<\/span><\/a><\/div><\/div><\/div><\/div><\/div><\/div><\/div><\/section>\n","protected":false},"excerpt":{"rendered":"","protected":false},"author":1,"featured_media":0,"parent":0,"menu_order":0,"comment_status":"closed","ping_status":"closed","template":"","meta":{"_seopress_robots_primary_cat":"","_seopress_titles_title":"Bureau de traduction et traducteur agr\u00e9\u00e9 Yves Van Krunkelsven","_seopress_titles_desc":"Le bureau de traduction et traducteur agr\u00e9\u00e9 Yves Van Krunkelsven vous fournit une traduction parfaite ! \u2713 Expertise \u2713 Pr\u00e9cision \u2713 Rapidit\u00e9 \u2713Appelez le +32 496 22 11 12 ou envoyez-nous un e-mail !","_seopress_robots_index":"","footnotes":""},"class_list":["post-384","page","type-page","status-publish","hentry"],"_links":{"self":[{"href":"https:\/\/yvkvt.com\/fr\/wp-json\/wp\/v2\/pages\/384","targetHints":{"allow":["GET"]}}],"collection":[{"href":"https:\/\/yvkvt.com\/fr\/wp-json\/wp\/v2\/pages"}],"about":[{"href":"https:\/\/yvkvt.com\/fr\/wp-json\/wp\/v2\/types\/page"}],"author":[{"embeddable":true,"href":"https:\/\/yvkvt.com\/fr\/wp-json\/wp\/v2\/users\/1"}],"replies":[{"embeddable":true,"href":"https:\/\/yvkvt.com\/fr\/wp-json\/wp\/v2\/comments?post=384"}],"version-history":[{"count":3,"href":"https:\/\/yvkvt.com\/fr\/wp-json\/wp\/v2\/pages\/384\/revisions"}],"predecessor-version":[{"id":490,"href":"https:\/\/yvkvt.com\/fr\/wp-json\/wp\/v2\/pages\/384\/revisions\/490"}],"wp:attachment":[{"href":"https:\/\/yvkvt.com\/fr\/wp-json\/wp\/v2\/media?parent=384"}],"curies":[{"name":"wp","href":"https:\/\/api.w.org\/{rel}","templated":true}]}}